{"id":1860,"date":"2015-09-12T04:03:03","date_gmt":"2015-09-12T04:03:03","guid":{"rendered":"http:\/\/compactoelegante.com\/contacts\/"},"modified":"2023-06-06T16:50:43","modified_gmt":"2023-06-06T16:50:43","slug":"contacts","status":"publish","type":"page","link":"https:\/\/compactoelegante.com\/en\/contacts\/","title":{"rendered":"Contacts"},"content":{"rendered":"<p>[vc_row css=&#8221;.vc_custom_1653476394491{margin-top: 0px !important;margin-bottom: 0px !important;padding-top: 50px !important;padding-bottom: 50px !important;}&#8221;][vc_column][vc_column_text]<div class=\"contactos_info displayFlex flexWrapWrap\">\r\n      <div class=\"col-md-4\">\r\n            <div class=\"contact_info_first_cont heightFull\">\r\n              <div class=\"contact_info_second_cont heightFull\">\r\n                <h3 class=\"textAlignCenter fontBold margin-b-1\">Ponta Delgada<\/h3>\r\n                <div class=\"keepintouch\">\r\n                    <div class=\"displayFlex margin-b-1\"><p><i class=\"pe-7s-map-2\"><\/i>  &nbsp; <\/p><div><p>Rua Esp\u00edrito Santo 62B Faj\u00e3 de Baixo,<br \/>\r\n9500-465 Ponta Delgada<\/div><\/div><div class=\"displayFlex margin-b-1\"><p><i class=\"pe-7s-call\"><\/i>  &nbsp; <\/p><div><p>913 612 480<\/div><\/div><div class=\"displayFlex margin-b-1\"><p><i class=\"pe-7s-call\"><\/i>  &nbsp; <\/p><div><p>963 327 479<\/div><\/div>\r\n                <\/div>\r\n              <\/div>\r\n            <\/div>\r\n           \r\n          <\/div><div class=\"col-md-4\">\r\n            <div class=\"contact_info_first_cont heightFull\">\r\n              <div class=\"contact_info_second_cont heightFull\">\r\n                <h3 class=\"textAlignCenter fontBold margin-b-1\">Ribeira Grande<\/h3>\r\n                <div class=\"keepintouch\">\r\n                    <div class=\"displayFlex margin-b-1\"><p><i class=\"pe-7s-map-2\"><\/i>  &nbsp; <\/p><div><p>Rua El Rei D. Carlos n\u00ba15,<br \/>\r\n9600-555 Ribeira Grande<\/div><\/div><div class=\"displayFlex margin-b-1\"><p><i class=\"pe-7s-call\"><\/i>  &nbsp; <\/p><div><p>915 511 756<\/div><\/div><div class=\"displayFlex margin-b-1\"><p><i class=\"pe-7s-call\"><\/i>  &nbsp; <\/p><div><p>927 972 101<\/div><\/div><div class=\"displayFlex margin-b-1\"><p><i class=\"pe-7s-mail-open-file\"><\/i>  &nbsp; <\/p><div><p>compacto--elegante@hotmail.com<\/div><\/div>\r\n                <\/div>\r\n              <\/div>\r\n            <\/div>\r\n           \r\n          <\/div><div class=\"col-md-4\">\r\n    <div class=\"contact_info_first_cont heightFull\">\r\n      <div class=\"contact_info_second_cont heightFull\">\r\n        <h3 class=\"textAlignCenter fontBold margin-b-1\">Schedule<\/h3>\r\n        <div class=\"keepintouch\">\r\n            <p class=\"horario_single fontBold\">Monday - Friday: <strong>9:30 - 19:30<\/strong><\/p><br><p class=\"horario_single fontBold\">Saturday: <strong>9:00 - 18:00<\/strong><\/p><br><p class=\"horario_single fontBold\">Sunday: <strong>Closed<\/strong><\/p><br>\r\n        <\/div>\r\n      <\/div>\r\n    <\/div>\r\n    \r\n  <\/div>\r\n  <\/div>[\/vc_column_text][\/vc_column][\/vc_row][vc_row css=&#8221;.vc_custom_1653476394491{margin-top: 0px !important;margin-bottom: 0px !important;padding-top: 50px !important;padding-bottom: 50px !important;}&#8221;][vc_column][vc_column_text]<div class=\"contactos_mapa_form displayFlex flexWrapWrap\" id=\"formulario_contactos\">\r\n     <div class=\"col-sm-6\">\r\n        <iframe src=\"https:\/\/www.google.com\/maps\/embed?pb=!1m18!1m12!1m3!1d1577.2290289247549!2d-25.654409929318646!3d37.75585645733836!2m3!1f0!2f0!3f0!3m2!1i1024!2i768!4f13.1!3m3!1m2!1s0xb5cd52e4d97ecb3%3A0xde2353e9de6dc92a!2sCompacto%20Elegante!5e0!3m2!1spt-PT!2spt!4v1653478831399!5m2!1spt-PT!2spt\" width=\"100%\"><\/iframe>\r\n              \r\n     <\/div>\r\n     <div class=\"col-sm-6\">\r\n        <div class=\"vc_column-inner\">\r\n           <div class=\"wpb_wrapper\" >\r\n              <h2 style=\"font-size: 32px;color: #262626;text-align: center;text-transform: none\" class=\"vc_custom_heading heading_niconne\">Contact Us!<\/h2>\r\n              <div role=\"form\" class=\"wpcf7\" id=\"wpcf7-f2117-o1\" lang=\"en-US\" dir=\"ltr\">\n<div class=\"screen-reader-response\"><p role=\"status\" aria-live=\"polite\" aria-atomic=\"true\"><\/p> <ul><\/ul><\/div>\n<form action=\"\/en\/wp-json\/wp\/v2\/pages\/1860#wpcf7-f2117-o1\" method=\"post\" class=\"wpcf7-form init\" novalidate=\"novalidate\" data-status=\"init\">\n<div style=\"display: none;\">\n<input type=\"hidden\" name=\"_wpcf7\" value=\"2117\" \/>\n<input type=\"hidden\" name=\"_wpcf7_version\" value=\"5.5.6.1\" \/>\n<input type=\"hidden\" name=\"_wpcf7_locale\" value=\"en_US\" \/>\n<input type=\"hidden\" name=\"_wpcf7_unit_tag\" value=\"wpcf7-f2117-o1\" \/>\n<input type=\"hidden\" name=\"_wpcf7_container_post\" value=\"0\" \/>\n<input type=\"hidden\" name=\"_wpcf7_posted_data_hash\" value=\"\" \/>\n<input type=\"hidden\" name=\"_wpcf7_recaptcha_response\" value=\"\" \/>\n<\/div>\n<p>Name *<br><br \/>\n    <span class=\"wpcf7-form-control-wrap your-name\"><input type=\"text\" name=\"your-name\" value=\"\" size=\"40\" class=\"wpcf7-form-control wpcf7-text wpcf7-validates-as-required\" aria-required=\"true\" aria-invalid=\"false\" \/><\/span> <\/p>\n<p>Email *<br><br \/>\n    <span class=\"wpcf7-form-control-wrap your-email\"><input type=\"email\" name=\"your-email\" value=\"\" size=\"40\" class=\"wpcf7-form-control wpcf7-text wpcf7-email wpcf7-validates-as-required wpcf7-validates-as-email\" aria-required=\"true\" aria-invalid=\"false\" \/><\/span> <\/p>\n<p>Message <br><br \/>\n    <span class=\"wpcf7-form-control-wrap your-message\"><textarea name=\"your-message\" cols=\"40\" rows=\"10\" class=\"wpcf7-form-control wpcf7-textarea\" aria-invalid=\"false\"><\/textarea><\/span> <\/p>\n<div style=\"display:flex;align-items: center;\"><span class=\"wpcf7-form-control-wrap your-consent\"><span class=\"wpcf7-form-control wpcf7-acceptance\"><span class=\"wpcf7-list-item\"><label><input type=\"checkbox\" name=\"your-consent\" value=\"1\" aria-invalid=\"false\" \/><span class=\"wpcf7-list-item-label\">\u00a0<\/span><\/label><\/span><\/span><\/span><\/p>\n<p style=\"margin-top:-10px; margin-bottom:0\">I accept the <a href=\"https:\/\/compactoelegante.com\/termos-condicoes\/\" target=\"_blank\">Terms and Conditions<\/a> and the <a href=\"https:\/\/compactoelegante.com\/politica-privacidade\/\" target=\"_blank\">Privacy Policy<\/a>.<\/p>\n<\/div>\n<span class=\"wpcf7-form-control-wrap recaptcha\"><span data-sitekey=\"6Lde18kjAAAAAH5c_FuNrsP3CZcWfCge6jycKskY\" class=\"wpcf7-form-control g-recaptcha wpcf7-recaptcha\"><\/span>\r\n<noscript>\r\n\t<div class=\"grecaptcha-noscript\">\r\n\t\t<iframe src=\"https:\/\/www.google.com\/recaptcha\/api\/fallback?k=6Lde18kjAAAAAH5c_FuNrsP3CZcWfCge6jycKskY\" frameborder=\"0\" scrolling=\"no\" width=\"310\" height=\"430\">\r\n\t\t<\/iframe>\r\n\t\t<textarea name=\"g-recaptcha-response\" rows=\"3\" cols=\"40\" placeholder=\"reCaptcha Response Here\">\r\n\t\t<\/textarea>\r\n\t<\/div>\r\n<\/noscript>\r\n<\/span>\n<p class=\"contactos_submit\"><input type=\"submit\" value=\"Send\" class=\"wpcf7-form-control has-spinner wpcf7-submit\" \/><\/p>\n<div class=\"wpcf7-response-output\" aria-hidden=\"true\"><\/div><\/form><\/div>\r\n           <\/div>\r\n        <\/div>\r\n     <\/div>\r\n  <\/div>[\/vc_column_text][\/vc_column][\/vc_row]<\/p>\n","protected":false},"excerpt":{"rendered":"<p>[vc_row css=&#8221;.vc_custom_1653476394491{margin-top: 0px !important;margin-bottom: 0px !important;padding-top: 50px !important;padding-bottom: 50px !important;}&#8221;][vc_column][vc_column_text][\/vc_column_text][\/vc_column][\/vc_row][vc_row css=&#8221;.vc_custom_1653476394491{margin-top: 0px !important;margin-bottom: 0px !important;padding-top: 50px !important;padding-bottom: 50px !important;}&#8221;][vc_column][vc_column_text][\/vc_column_text][\/vc_column][\/vc_row]<\/p>\n","protected":false},"author":1,"featured_media":2259,"parent":0,"menu_order":0,"comment_status":"closed","ping_status":"closed","template":"","meta":[],"yoast_head":"<!-- This site is optimized with the Yoast SEO plugin v18.9 - https:\/\/yoast.com\/wordpress\/plugins\/seo\/ -->\n<title>Servi\u00e7os de Est\u00e9tica Corporal e de Rosto | Contacts | Compacto Elegante<\/title>\n<meta name=\"description\" content=\"Os melhores servi\u00e7os de est\u00e9tica corporal e de rosto j\u00e1 est\u00e3o mais perto de si. Contacte-nos e marque uma avalia\u00e7\u00e3o gratuita!\" \/>\n<meta name=\"robots\" content=\"index, follow, max-snippet:-1, max-image-preview:large, max-video-preview:-1\" \/>\n<link rel=\"canonical\" href=\"https:\/\/compactoelegante.com\/en\/contacts\/\" \/>\n<meta property=\"og:locale\" content=\"en_US\" \/>\n<meta property=\"og:type\" content=\"article\" \/>\n<meta property=\"og:title\" content=\"Servi\u00e7os de Est\u00e9tica Corporal e de Rosto | Contacts | Compacto Elegante\" \/>\n<meta property=\"og:description\" content=\"Os melhores servi\u00e7os de est\u00e9tica corporal e de rosto j\u00e1 est\u00e3o mais perto de si. Contacte-nos e marque uma avalia\u00e7\u00e3o gratuita!\" \/>\n<meta property=\"og:url\" content=\"https:\/\/compactoelegante.com\/en\/contacts\/\" \/>\n<meta property=\"og:site_name\" content=\"Compacto Elegante\" \/>\n<meta property=\"article:modified_time\" content=\"2023-06-06T16:50:43+00:00\" \/>\n<meta property=\"og:image\" content=\"https:\/\/compactoelegante.com\/wp-content\/uploads\/2022\/05\/A7I00342-scaled.jpg\" \/>\n\t<meta property=\"og:image:width\" content=\"1707\" \/>\n\t<meta property=\"og:image:height\" content=\"2560\" \/>\n\t<meta property=\"og:image:type\" content=\"image\/jpeg\" \/>\n<meta name=\"twitter:card\" content=\"summary_large_image\" \/>\n<script type=\"application\/ld+json\" class=\"yoast-schema-graph\">{\"@context\":\"https:\/\/schema.org\",\"@graph\":[{\"@type\":\"WebSite\",\"@id\":\"https:\/\/compactoelegante.com\/en\/#website\",\"url\":\"https:\/\/compactoelegante.com\/en\/\",\"name\":\"Compacto Elegante\",\"description\":\"\",\"potentialAction\":[{\"@type\":\"SearchAction\",\"target\":{\"@type\":\"EntryPoint\",\"urlTemplate\":\"https:\/\/compactoelegante.com\/en\/?s={search_term_string}\"},\"query-input\":\"required name=search_term_string\"}],\"inLanguage\":\"en-US\"},{\"@type\":\"ImageObject\",\"inLanguage\":\"en-US\",\"@id\":\"https:\/\/compactoelegante.com\/en\/contacts\/#primaryimage\",\"url\":\"https:\/\/compactoelegante.com\/wp-content\/uploads\/2022\/05\/A7I00342-scaled.jpg\",\"contentUrl\":\"https:\/\/compactoelegante.com\/wp-content\/uploads\/2022\/05\/A7I00342-scaled.jpg\",\"width\":1707,\"height\":2560,\"caption\":\"body aesthetic\"},{\"@type\":\"WebPage\",\"@id\":\"https:\/\/compactoelegante.com\/en\/contacts\/#webpage\",\"url\":\"https:\/\/compactoelegante.com\/en\/contacts\/\",\"name\":\"Servi\u00e7os de Est\u00e9tica Corporal e de Rosto | Contacts | Compacto Elegante\",\"isPartOf\":{\"@id\":\"https:\/\/compactoelegante.com\/en\/#website\"},\"primaryImageOfPage\":{\"@id\":\"https:\/\/compactoelegante.com\/en\/contacts\/#primaryimage\"},\"datePublished\":\"2015-09-12T04:03:03+00:00\",\"dateModified\":\"2023-06-06T16:50:43+00:00\",\"description\":\"Os melhores servi\u00e7os de est\u00e9tica corporal e de rosto j\u00e1 est\u00e3o mais perto de si. Contacte-nos e marque uma avalia\u00e7\u00e3o gratuita!\",\"breadcrumb\":{\"@id\":\"https:\/\/compactoelegante.com\/en\/contacts\/#breadcrumb\"},\"inLanguage\":\"en-US\",\"potentialAction\":[{\"@type\":\"ReadAction\",\"target\":[\"https:\/\/compactoelegante.com\/en\/contacts\/\"]}]},{\"@type\":\"BreadcrumbList\",\"@id\":\"https:\/\/compactoelegante.com\/en\/contacts\/#breadcrumb\",\"itemListElement\":[{\"@type\":\"ListItem\",\"position\":1,\"name\":\"In\u00edcio\",\"item\":\"https:\/\/compactoelegante.com\/en\/\"},{\"@type\":\"ListItem\",\"position\":2,\"name\":\"Contacts\"}]}]}<\/script>\n<!-- \/ Yoast SEO plugin. -->","yoast_head_json":{"title":"Servi\u00e7os de Est\u00e9tica Corporal e de Rosto | Contacts | Compacto Elegante","description":"Os melhores servi\u00e7os de est\u00e9tica corporal e de rosto j\u00e1 est\u00e3o mais perto de si. Contacte-nos e marque uma avalia\u00e7\u00e3o gratuita!","robots":{"index":"index","follow":"follow","max-snippet":"max-snippet:-1","max-image-preview":"max-image-preview:large","max-video-preview":"max-video-preview:-1"},"canonical":"https:\/\/compactoelegante.com\/en\/contacts\/","og_locale":"en_US","og_type":"article","og_title":"Servi\u00e7os de Est\u00e9tica Corporal e de Rosto | Contacts | Compacto Elegante","og_description":"Os melhores servi\u00e7os de est\u00e9tica corporal e de rosto j\u00e1 est\u00e3o mais perto de si. Contacte-nos e marque uma avalia\u00e7\u00e3o gratuita!","og_url":"https:\/\/compactoelegante.com\/en\/contacts\/","og_site_name":"Compacto Elegante","article_modified_time":"2023-06-06T16:50:43+00:00","og_image":[{"width":1707,"height":2560,"url":"https:\/\/compactoelegante.com\/wp-content\/uploads\/2022\/05\/A7I00342-scaled.jpg","type":"image\/jpeg"}],"twitter_card":"summary_large_image","schema":{"@context":"https:\/\/schema.org","@graph":[{"@type":"WebSite","@id":"https:\/\/compactoelegante.com\/en\/#website","url":"https:\/\/compactoelegante.com\/en\/","name":"Compacto Elegante","description":"","potentialAction":[{"@type":"SearchAction","target":{"@type":"EntryPoint","urlTemplate":"https:\/\/compactoelegante.com\/en\/?s={search_term_string}"},"query-input":"required name=search_term_string"}],"inLanguage":"en-US"},{"@type":"ImageObject","inLanguage":"en-US","@id":"https:\/\/compactoelegante.com\/en\/contacts\/#primaryimage","url":"https:\/\/compactoelegante.com\/wp-content\/uploads\/2022\/05\/A7I00342-scaled.jpg","contentUrl":"https:\/\/compactoelegante.com\/wp-content\/uploads\/2022\/05\/A7I00342-scaled.jpg","width":1707,"height":2560,"caption":"body aesthetic"},{"@type":"WebPage","@id":"https:\/\/compactoelegante.com\/en\/contacts\/#webpage","url":"https:\/\/compactoelegante.com\/en\/contacts\/","name":"Servi\u00e7os de Est\u00e9tica Corporal e de Rosto | Contacts | Compacto Elegante","isPartOf":{"@id":"https:\/\/compactoelegante.com\/en\/#website"},"primaryImageOfPage":{"@id":"https:\/\/compactoelegante.com\/en\/contacts\/#primaryimage"},"datePublished":"2015-09-12T04:03:03+00:00","dateModified":"2023-06-06T16:50:43+00:00","description":"Os melhores servi\u00e7os de est\u00e9tica corporal e de rosto j\u00e1 est\u00e3o mais perto de si. Contacte-nos e marque uma avalia\u00e7\u00e3o gratuita!","breadcrumb":{"@id":"https:\/\/compactoelegante.com\/en\/contacts\/#breadcrumb"},"inLanguage":"en-US","potentialAction":[{"@type":"ReadAction","target":["https:\/\/compactoelegante.com\/en\/contacts\/"]}]},{"@type":"BreadcrumbList","@id":"https:\/\/compactoelegante.com\/en\/contacts\/#breadcrumb","itemListElement":[{"@type":"ListItem","position":1,"name":"In\u00edcio","item":"https:\/\/compactoelegante.com\/en\/"},{"@type":"ListItem","position":2,"name":"Contacts"}]}]}},"_links":{"self":[{"href":"https:\/\/compactoelegante.com\/en\/wp-json\/wp\/v2\/pages\/1860"}],"collection":[{"href":"https:\/\/compactoelegante.com\/en\/wp-json\/wp\/v2\/pages"}],"about":[{"href":"https:\/\/compactoelegante.com\/en\/wp-json\/wp\/v2\/types\/page"}],"author":[{"embeddable":true,"href":"https:\/\/compactoelegante.com\/en\/wp-json\/wp\/v2\/users\/1"}],"replies":[{"embeddable":true,"href":"https:\/\/compactoelegante.com\/en\/wp-json\/wp\/v2\/comments?post=1860"}],"version-history":[{"count":6,"href":"https:\/\/compactoelegante.com\/en\/wp-json\/wp\/v2\/pages\/1860\/revisions"}],"predecessor-version":[{"id":2986,"href":"https:\/\/compactoelegante.com\/en\/wp-json\/wp\/v2\/pages\/1860\/revisions\/2986"}],"wp:featuredmedia":[{"embeddable":true,"href":"https:\/\/compactoelegante.com\/en\/wp-json\/wp\/v2\/media\/2259"}],"wp:attachment":[{"href":"https:\/\/compactoelegante.com\/en\/wp-json\/wp\/v2\/media?parent=1860"}],"curies":[{"name":"wp","href":"https:\/\/api.w.org\/{rel}","templated":true}]}}