{"id":3159,"date":"2022-05-24T11:08:01","date_gmt":"2022-05-24T11:08:01","guid":{"rendered":"http:\/\/compactoelegante.com\/politica-privacidade\/"},"modified":"2022-12-28T12:12:16","modified_gmt":"2022-12-28T12:12:16","slug":"datenschutz-bestimmungen","status":"publish","type":"page","link":"https:\/\/compactoelegante.com\/de\/datenschutz-bestimmungen\/","title":{"rendered":"Datenschutz-Bestimmungen"},"content":{"rendered":"\n<h3>RGPD \u2013 Regime Geral de Prote\u00e7\u00e3o de Dados<br>Datenschutzrichtlinie | Nutzungsbedingungen &amp; Nutzung<\/h3>\n\n\n\n<p><\/p>\n\n\n\n<p><strong>ERKL\u00c4RUNG UND ZUSTIMMUNG ZUR DATENSCHUTZERKL\u00c4RUNG<\/strong><\/p>\n\n\n\n<p>Indem Sie diese Datenschutzrichtlinie akzeptieren, autorisieren Sie COMPACTO ELEGANTE LDA, juristische Person mit der Nummer 508082196, mit Hauptsitz in RUA DO ESP\u00cdRITO SANTO, 62-B, FAJ\u00c3 DE BAIXO, Insel S\u00e3o Miguel, Ponta Delgada, Faj\u00e3 de Baixo, 9500-465 PONTA DELGADA, Ihre in Ihrem Registrierungsformular enthaltenen personenbezogenen Daten, von denen Sie best\u00e4tigen, dass Sie deren Eigent\u00fcmer sind, sowie die Daten in Bezug auf Ihre Gesch\u00e4fts- und Vertragsbeziehung und deren Verwaltung gem\u00e4\u00df den Bestimmungen dieser Datenschutzrichtlinie.<\/p>\n\n\n\n<p>Es erkl\u00e4rt weiter:<\/p>\n\n\n\n<ol type=\"1\"><li>Seien Sie sich bewusst und umfassend dar\u00fcber informiert, dass die Verarbeitung Ihrer personenbezogenen Daten alle Vorg\u00e4nge umfasst, die mit den von Ihnen \u00fcbermittelten Daten automatisiert oder nicht zu folgenden Zwecken durchgef\u00fchrt werden:<br>&#8211; die Funktionsweise und Funktionalit\u00e4ten der Website von COMPACTO ELEGANTE LDA zu verbessern (auch in F\u00e4llen, in denen Ihre Daten aggregiert und statistisch verarbeitet werden, ohne dass sie von Dritten, denen sie zur Verf\u00fcgung gestellt werden, identifizierbar sind);<br>&#8211; die Ihnen bereitgestellten Dienste zu verbessern und anzupassen;<br>&#8211; um Sie per E-Mail, SMS oder Telefon zu kontaktieren, um &#8211; Ihnen Informationen oder Updates zu Ihren Transaktionen und Bestellungen sowie Informationen zu neuen Produkten oder Dienstleistungen zuzusenden;<br>&#8211; mit Ihnen auf Social-Media-Plattformen interagieren;<\/li><li>akzeptieren und stimmen der kostenlosen Nutzung und Vervielf\u00e4ltigung seiner \u00f6ffentlich zug\u00e4nglichen und\/oder auf Social-Media-Plattformen ver\u00f6ffentlichten Inhalte durch COMPACTO ELEGANTE LDA zu, in denen das Hashtag\u201c #compactoelegante, unsere Marken, Produkte oder Dienstleistungen enthalten sind;<\/li><li>sich dar\u00fcber im Klaren zu sein, dass Sie gem\u00e4\u00df den geltenden Gesetzen der Verarbeitung Ihrer Daten f\u00fcr einen oder mehrere der oben beschriebenen Zwecke widersprechen, sie einschr\u00e4nken, korrigieren oder l\u00f6schen lassen k\u00f6nnen, indem Sie eine Anfrage an die folgende E-Mail-Adresse senden: <a href=\"mailto:geral@compactoelegante.com\">geral@compactoelegante.com<\/a>, sowie das Recht, eine Beschwerde bei den zust\u00e4ndigen Beh\u00f6rden einzureichen;<\/li><li>diese Zustimmung frei und freiwillig erteilen und mindestens 16 Jahre alt sein.<br><br><\/li><\/ol>\n\n\n\n<p><strong>DATENSCHUTZ-BESTIMMUNGEN<\/strong><\/p>\n\n\n\n<p>Bei COMPACTO ELEGANTE LDA nehmen wir Ihre Privatsph\u00e4re sehr ernst. Wir sind bestrebt, Ihre Erfahrung mit unserer Website und unseren Social-Media-Plattformen in einer sicheren Umgebung zu maximieren.<\/p>\n\n\n\n<p>Es ist unsere Politik, Ihre pers\u00f6nlichen Daten mit Diskretion zu behandeln und sie zu sch\u00fctzen. Diese Datenschutzrichtlinie erl\u00e4utert, wie wir Informationen \u00fcber Sie sammeln, sch\u00fctzen, verwenden und weitergeben, online und offline, in der Hoffnung, Ihr Vertrauen in COMPACTO ELEGANTE LDA zu st\u00e4rken und Ihre Erfahrung mit uns zu verbessern.<\/p>\n\n\n\n<p>Bitte beachten Sie, dass diese Datenschutzrichtlinie nur f\u00fcr Informationen gilt, die von COMPACTO ELEGANTE LDA gesammelt werden, und sich nicht auf Informationen erstreckt, die Sie m\u00f6glicherweise auf anderen Websites oder sozialen Plattformen \u00fcbermittelt haben, die von anderen Unternehmen oder Organisationen verwaltet werden, auf die wir uns m\u00f6glicherweise beziehen. Diese Datenschutzerkl\u00e4rung gilt nur f\u00fcr diese Website. Lesen Sie die folgenden Bedingungen sorgf\u00e4ltig durch.<\/p>\n\n\n\n<p><\/p>\n\n\n\n<p><strong>1. Deine Daten<\/strong><\/p>\n\n\n\n<p>COMPACTO ELEGANTE LDA verpflichtet sich, Ihre personenbezogenen Daten gem\u00e4\u00df der Europ\u00e4ischen Verordnung (EU) 2016\/679 des Europ\u00e4ischen Parlaments und des Rates vom 27. April 2016 zum Schutz nat\u00fcrlicher Personen bei der Verarbeitung personenbezogener Daten und der freier Datenverkehr und zur Aufhebung der Richtlinie 95\/46\/EG (Datenschutz-Grundverordnung).<\/p>\n\n\n\n<p>Diese Website sammelt keine personenbezogenen Daten \u00fcber Sie, es sei denn, Sie stellen uns diese freiwillig zur Verf\u00fcgung. Das bedeutet, dass wir Ihren Namen, Ihre E-Mail-Adresse oder andere pers\u00f6nliche Informationen nicht kennen, nur weil Sie diese Website besuchen.<\/p>\n\n\n\n<p>Wir erfassen Ihre Daten nur, wenn Sie eine Online-Angebotsanfrage oder ein Kontaktformular ausf\u00fcllen. M\u00f6glicherweise werden Sie aufgefordert, Ihren Namen, Ihre Telefonnummer, Ihre E-Mail-Adresse und andere relevante Informationen einzugeben.<\/p>\n\n\n\n<p>Bitte beachten Sie, dass Sie uns, indem Sie uns personenbezogene Daten \u00fcber Sie gem\u00e4\u00df den in dieser Datenschutzrichtlinie beschriebenen Bedingungen zur Verf\u00fcgung stellen, Ihre Zustimmung erteilen, dass wir diese f\u00fcr die hierin genannten Zwecke verwenden.<\/p>\n\n\n\n<p><\/p>\n\n\n\n<p><strong>2. Verwendung Ihrer Daten<\/strong><\/p>\n\n\n\n<p>Alle Daten, die Sie uns zur Verf\u00fcgung stellen, k\u00f6nnen auf folgende Weise verwendet werden:<\/p>\n\n\n\n<ul><li>Passen Sie Ihre Erfahrung mit uns an<\/li><li>Verbesserung unserer Website in Bezug auf die verf\u00fcgbaren Dienste und Ressourcen<\/li><li>unseren gesamten Kundenservice zu verbessern<\/li><li>dich kontaktieren<\/li><li>Verwalten Sie einen Wettbewerb, eine Werbeaktion, eine Umfrage oder eine andere Funktion<\/li><\/ul>\n\n\n\n<p>Ihre Daten, ob \u00f6ffentlich oder privat, werden ohne Ihre Zustimmung aus keinem Grund verkauft, ausgetauscht, \u00fcbertragen oder an andere Unternehmen au\u00dferhalb von COMPACTO ELEGANTE LDA weitergegeben.<\/p>\n\n\n\n<p>Wir k\u00f6nnen aggregierte Informationen und Statistiken verwenden und Dritten zur Verf\u00fcgung stellen, um die Nutzung unserer Website zu \u00fcberwachen, um uns bei der Entwicklung unserer Website und unserer Dienste zu unterst\u00fctzen. Die verwendeten Daten d\u00fcrfen keine Informationen enthalten, mit denen Personen identifiziert werden k\u00f6nnen.<\/p>\n\n\n\n<p>Die von Ihnen angegebenen Kontaktdaten k\u00f6nnen verwendet werden, um Informationen und Aktualisierungen zu Ihren Bestellungen zu senden und gelegentlich Aktualisierungen von COMPACTO ELEGANTE LDA und Informationen zu verwandten Produkten oder Dienstleistungen zu erhalten.<\/p>\n\n\n\n<p>Wir k\u00f6nnen Sie per E-Mail oder Telefon kontaktieren, um Sie um Ihre Kommentare zu unseren Produkten und Dienstleistungen zu bitten.<\/p>\n\n\n\n<p>Hinweis: Wenn Sie sich zu irgendeinem Zeitpunkt von zuk\u00fcnftigen E-Mails abmelden m\u00f6chten, f\u00fcgen wir am Ende jeder E-Mail detaillierte Anweisungen zum Abbestellen hinzu.<br>COMPACTO ELEGANTE LDA speichert die Daten seiner Benutzer auf seinen Servern in Portugal und Spanien. Diese Server werden gem\u00e4\u00df den h\u00f6chsten Sicherheitsstandards und zur Einhaltung geltender Datenschutzgesetze gesch\u00fctzt und gewartet.<\/p>\n\n\n\n<p><\/p>\n\n\n\n<p><strong>3. Schutz Ihrer Informationen<\/strong><\/p>\n\n\n\n<p>Wir halten uns an Industriestandards, um Ihre Daten w\u00e4hrend der \u00dcbertragung zu sch\u00fctzen, und ergreifen nach Erhalt eine Reihe von Ma\u00dfnahmen, um die Sicherheit der personenbezogenen Daten, die Sie uns \u00fcbermitteln, zu gew\u00e4hrleisten.<\/p>\n\n\n\n<p>SIE SOLLTEN JEDOCH BEACHTEN, DASS KEINE METHODE DER \u00dcBERTRAGUNG ODER ELEKTRONISCHEN SPEICHERUNG ZU 100 % SICHER IST.<\/p>\n\n\n\n<p>DAHER K\u00d6NNEN WIR IM GESETZLICH ZUL\u00c4SSIGEN UMFANG NICHT F\u00dcR ANSPR\u00dcCHE HAFTBAR GEMACHT WERDEN. VERLUSTE UND SCH\u00c4DEN, EINSCHLIESSLICH, OHNE EINSCHR\u00c4NKUNG, DIREKTE, INDIREKTE, SONDER-, STRAF-, ZUF\u00c4LLIGE ODER FOLGESCH\u00c4DEN ODER SCH\u00c4DEN, DIE IHNEN ODER EINEM BENUTZER IM ZUSAMMENHANG MIT COMPUTERBETRUG, RISIKEN ODER JEGLICHEN ANDEREN VERLETZUNGEN ODER UMST\u00c4NDEN ENTSTEHEN, UNTER DENEN AUF IHRE INFORMATIONEN ZUGANGEN ODER WEITERGEGEBEN WIRD OHNE UNSERE AUSDR\u00dcCKLICHE GENEHMIGUNG.<\/p>\n\n\n\n<p><\/p>\n\n\n\n<p><strong>4. Kekse<\/strong><\/p>\n\n\n\n<p>Ein Cookie ist eine kleine Textdatei, die, obwohl sie keine pers\u00f6nlichen Informationen sammelt, die eine Identifizierung des Benutzers erm\u00f6glichen, \u00fcber ihn auf seinem Zugriffsger\u00e4t (Mobiltelefon, Computer oder andere) allgemeine Informationen \u00fcber seine Navigation speichert, die sp\u00e4ter eine schnellere Navigation erm\u00f6glichen es ist effizient.<\/p>\n\n\n\n<p>Ein Cookie an sich identifiziert keinen Benutzer\/Besucher pers\u00f6nlich.<br>Wir k\u00f6nnen Technologien wie \u201eCookies\u201c verwenden, um Sitzungsinformationen aufzuzeichnen, Besuche zu erfassen und auf unsere Webseiten zuzugreifen, die es uns erm\u00f6glichen, unsere Dienste weiter zu verbessern und unseren Website-Benutzern\/Besuchern bessere und n\u00fctzlichere Funktionen bereitzustellen.<\/p>\n\n\n\n<p>Cookies werden empfohlen und haben spezifische Funktionen, um eine bessere und personalisiertere Navigation zu erm\u00f6glichen.<\/p>\n\n\n\n<p>Die Existenz von Cookies hat keinen Einfluss auf die Funktion Ihres Ger\u00e4ts und seines Betriebssystems. Zus\u00e4tzlich zu den im Cookie abgelegten Informationen werden f\u00fcr den gleichen Zweck wie Cookies auch Informationen im \u201eLocal Storage\u201c-Bereich Ihres Browsers gespeichert.<\/p>\n\n\n\n<p>Cookies k\u00f6nnen unterschiedlicher Art sein: solche, die es erm\u00f6glichen, den Benutzer zu identifizieren und die Funktionsweise der Dienste auf den Websites zu verbessern; diejenigen, die die Leistung der Website verbessern, indem sie analysieren, wie Benutzer sie verwenden; solche, die dem Benutzer eine individuellere Navigation erm\u00f6glichen, und solche, die Informationen des Benutzers \u00fcber die Surfgewohnheiten im Internet sammeln, damit die vom Benutzer gesehene Werbung seinen Bed\u00fcrfnissen und Interessen entspricht.<\/p>\n\n\n\n<p>Der Hauptzweck unserer Cookies besteht darin, Ihr Surferlebnis zu verbessern, da sie uns unter anderem dabei helfen, sich an Ihre Pr\u00e4ferenzen zu erinnern. Diese Informationen erm\u00f6glichen es uns auch, unsere Website zu verbessern (z. B. um die statistische Analyse ihrer Nutzung zu erm\u00f6glichen). Unter Ber\u00fccksichtigung dieser Zwecke werden Ihre sensiblen pers\u00f6nlichen Identifikationsdaten nicht \u00fcber Cookies gespeichert. Die in unseren Cookies enthaltenen Informationen werden nur von uns verwendet, mit Ausnahme derjenigen, die sich auf Google Analytics (verwaltet von Google) beziehen.<\/p>\n\n\n\n<p>Alle Browser erlauben es dem Benutzer, Cookies zu akzeptieren, abzulehnen oder zu l\u00f6schen, und zwar durch Auswahl der entsprechenden Einstellungen im jeweiligen Browser, so dass der Benutzer jederzeit die auf unserer Website verwendeten Cookies teilweise oder vollst\u00e4ndig deaktivieren kann.<\/p>\n\n\n\n<p>Wenn Sie sich daf\u00fcr entscheiden, Cookies zu deaktivieren, k\u00f6nnen Sie m\u00f6glicherweise nicht auf bestimmte Bereiche unserer Website zugreifen, Ihr Surfen wird weniger effizient und Sie profitieren m\u00f6glicherweise nicht mehr von einigen Funktionen oder Diensten.<\/p>\n\n\n\n<p>Hinweis: Diese Liste kann je nach neuen Diensten und Funktionen auf unserer Website mit der Einf\u00fchrung neuer Cookies aktualisiert werden.<\/p>\n\n\n\n<p><br><strong>5. So garantieren Sie Ihre Sicherheit<\/strong><\/p>\n\n\n\n<p>Aus Datenschutzgr\u00fcnden raten wir Ihnen, keine personenbezogenen Daten, insbesondere keine sensiblen oder vertraulichen Daten, in die E-Mails aufzunehmen, die Sie uns senden. Bitte senden Sie uns keine Kreditkartennummern oder sensible pers\u00f6nliche Informationen per E-Mail.<\/p>\n\n\n\n<p>Wir erfassen wissentlich keine personenbezogenen Daten von Minderj\u00e4hrigen. Als Elternteil oder Erziehungsberechtigter erlauben Sie Ihren Kindern nicht, pers\u00f6nliche Informationen ohne Ihre Erlaubnis zu \u00fcbermitteln.<\/p>\n\n\n\n<p>WIR SIND NICHT VERANTWORTLICH F\u00dcR IDENTIFIZIERUNGSDATEN ODER ANDERE INFORMATIONEN, DIE SIE IN FOREN WIE EINEN KOMMENTARBEREICH ODER IN EINEM ANDEREN ZUG\u00c4NGLICHEN \u00d6FFENTLICHEN BEREICH, DEN WIR VERWALTEN ODER VERWALTEN, SENDEN.<\/p>\n\n\n\n<p><\/p>\n\n\n\n<p><strong>6. Weitergabe von Informationen an Dritte<\/strong><\/p>\n\n\n\n<p>Wir verkaufen, handeln oder \u00fcbertragen Ihre pers\u00f6nlichen Identifikationsdaten nicht an Dritte. Dies gilt nicht f\u00fcr vertrauensw\u00fcrdige Dritte, die uns bei der Verwaltung unserer Website, mobilen Apps, der Durchf\u00fchrung unserer Gesch\u00e4fte oder der Bereitstellung von Dienstleistungen f\u00fcr unsere Kunden unterst\u00fctzen, solange diese Parteien zustimmen, diese Informationen vertraulich zu behandeln.<\/p>\n\n\n\n<p>Wir k\u00f6nnen Ihre Informationen auch freigeben, wenn wir der Meinung sind, dass die Freigabe angemessen ist, um das Gesetz einzuhalten, unsere Website-Richtlinien durchzusetzen oder unsere Rechte, unser Eigentum oder unsere Sicherheit zu sch\u00fctzen.<\/p>\n\n\n\n<p>Nicht pers\u00f6nlich identifizierbare Besucherinformationen k\u00f6nnen jedoch anderen Parteien f\u00fcr Marketing-, Werbe- oder andere Zwecke zur Verf\u00fcgung gestellt werden.<\/p>\n\n\n\n<p><\/p>\n\n\n\n<p><strong>7. Links von Drittanbietern<\/strong><\/p>\n\n\n\n<p>Bitte beachten Sie, dass Sie, obwohl Sie sich auf einer von uns betriebenen Website befinden, auch auf Links zu Websites Dritter verwiesen werden k\u00f6nnen. Von Zeit zu Zeit k\u00f6nnen wir nach unserem Ermessen Dienste von Drittanbietern auf unseren Plattformen einschlie\u00dfen oder anbieten.<\/p>\n\n\n\n<p>Diese Websites von Drittanbietern haben separate und unabh\u00e4ngige Datenschutzrichtlinien. Diese Richtlinien werden nicht von uns verwaltet oder kontrolliert, daher \u00fcbernimmt COMPACTO ELEGANTE LDA keine Verantwortung f\u00fcr den Inhalt und die Aktivit\u00e4ten dieser Websites.<\/p>\n\n\n\n<p>Wir sind jedoch bestrebt, die Integrit\u00e4t unserer Website und Plattformen zu sch\u00fctzen, und freuen uns, wenn Sie uns kontaktieren, wenn Sie uns Ihr Feedback dazu zukommen lassen m\u00f6chten. Wir empfehlen Ihnen au\u00dferdem, die Allgemeinen Gesch\u00e4ftsbedingungen und Datenschutzrichtlinien dieser verlinkten Websites sorgf\u00e4ltig zu lesen, bevor Sie Informationen oder personenbezogene Daten \u00fcbermitteln.<\/p>\n\n\n\n<p><\/p>\n\n\n\n<p><strong>8. Ihre Zustimmung<\/strong><\/p>\n\n\n\n<p>Durch die Nutzung unserer Website und Plattformen stimmen Sie unserer Datenschutzrichtlinie zu.<\/p>\n\n\n\n<p><\/p>\n\n\n\n<p><strong>9. Dauer der Speicherung Ihrer Daten<\/strong><\/p>\n\n\n\n<p>Es obliegt uns zu erw\u00e4hnen, dass die personenbezogenen Daten, die Sie uns zur Verf\u00fcgung stellen, aufbewahrt werden, bis Sie deren Entfernung verlangen.<\/p>\n\n\n\n<p><\/p>\n\n\n\n<p><strong>10. Urheberrecht<\/strong><\/p>\n\n\n\n<p>Die Videos, T\u00f6ne, Bilder und alle Informationen auf dieser Website d\u00fcrfen ohne vorherige Genehmigung von COMPACTO ELEGANTE LDA nicht kopiert, verbreitet, ver\u00e4ndert oder auf digitalen Plattformen platziert werden<\/p>\n\n\n\n<p><\/p>\n\n\n\n<p><strong>11. Deine Rechte<\/strong><\/p>\n\n\n\n<p>Da wir sicherstellen m\u00f6chten, dass Sie sich Ihrer Rechte bewusst sind, und in \u00dcbereinstimmung mit geltendem Recht, m\u00f6chten wir Sie \u00fcber Folgendes informieren:<\/p>\n\n\n\n<ul><li>Ihre personenbezogenen Daten geh\u00f6ren Ihnen. Als solches haben Sie das Recht auf Auskunft, Berichtigung, Einschr\u00e4nkung, L\u00f6schung und Widerspruch gegen deren Verarbeitung sowie das Recht, diese von COMPACTO ELEGANTE LDA zu erhalten.<\/li><li>Wir werden alle Anstrengungen unternehmen, um Ihre personenbezogenen Daten auf dem neuesten Stand zu halten und gem\u00e4\u00df den besten branchen\u00fcblichen Standards zu sch\u00fctzen.<\/li><li>Sie haben das Recht, eine Beschwerde bei der zust\u00e4ndigen Datenschutzbeh\u00f6rde einzureichen. In Portugal ist diese Beh\u00f6rde die Nationale Datenschutzkommission (\u201eCNPD\u201c). Weitere Informationen \u00fcber die CNPD sind \u00fcber die Website erh\u00e4ltlich <a href=\"http:\/\/www.cnpd.pt\/\" target=\"_blank\" rel=\"noreferrer noopener\">www.cnpd.pt<\/a><\/li><\/ul>\n\n\n\n<p><strong><br><\/strong>Um Ihre Rechte auf Zugang, Berichtigung, L\u00f6schung, Sperrung oder Widerspruch gegen die Verarbeitung der von Ihnen bereitgestellten personenbezogenen Daten gem\u00e4\u00df den Bestimmungen des Gesetzes Nr. 67\/98 vom 26. Oktober auszu\u00fcben, m\u00fcssen Sie eine entsprechende Anfrage stellen Zweck, \u00fcber die folgende E-Mail-Adresse: <a href=\"mailto:geral@compactoelegante.com\">geral@compactoelegante.com<\/a><\/p>\n\n\n\n<p><strong>12. Anwendbares Recht<\/strong><\/p>\n\n\n\n<p>Diese Nutzungsbedingungen und Nutzungsbedingungen werden in \u00dcbereinstimmung mit den geltenden Gesetzen geregelt und erstellt. Jeder Konflikt oder jede abweichende Auslegung wird dem zust\u00e4ndigen Gericht vorgelegt.<\/p>\n\n\n\n<p><\/p>\n\n\n\n<p><strong>13. \u00c4nderungen unserer Datenschutzrichtlinie<\/strong><\/p>\n\n\n\n<p>Wir behalten uns das Recht vor, diese Datenschutzrichtlinie ohne weitere Zustimmung zu aktualisieren, zu \u00e4ndern oder zu l\u00f6schen. \u00c4nderungen daran werden wir auf unserer Website sowie durch Mitteilung an die angegebenen Kontaktm\u00f6glichkeiten bekannt geben. Ihre fortgesetzte Nutzung unserer Website, Anwendungen, Dienste und Funktionen, die nach einer solchen Mitteilung angeboten werden, setzt Ihre Zustimmung zu solchen \u00c4nderungen voraus.<\/p>\n\n\n\n<p>Die aktuelle Version wurde ver\u00f6ffentlicht in 08-06-2022.<\/p>\n\n\n\n<p><strong>14. Kontaktieren Sie uns<\/strong><\/p>\n\n\n\n<p>Wenn Sie Fragen zu dieser Datenschutzrichtlinie haben oder eines Ihrer oben genannten Rechte aus\u00fcben m\u00f6chten, kontaktieren Sie uns bitte unter:<\/p>\n\n\n\n<p>Telefon: +351\u00a0963 327 479<\/p>\n\n\n\n<p>E-mail: <a href=\"mailto:geral@compactoelegante.com\">geral@compactoelegante.com<\/a><\/p>\n","protected":false},"excerpt":{"rendered":"<p>RGPD \u2013 Regime Geral de Prote\u00e7\u00e3o de DadosDatenschutzrichtlinie | Nutzungsbedingungen &amp; Nutzung ERKL\u00c4RUNG UND ZUSTIMMUNG ZUR DATENSCHUTZERKL\u00c4RUNG Indem Sie diese Datenschutzrichtlinie akzeptieren, autorisieren Sie COMPACTO ELEGANTE LDA, juristische Person mit der Nummer 508082196, mit Hauptsitz in RUA DO ESP\u00cdRITO SANTO, 62-B, FAJ\u00c3 DE BAIXO, Insel S\u00e3o Miguel, Ponta Delgada, Faj\u00e3 de Baixo, 9500-465 PONTA DELGADA, [&hellip;]<\/p>\n","protected":false},"author":1,"featured_media":0,"parent":0,"menu_order":0,"comment_status":"closed","ping_status":"closed","template":"","meta":[],"yoast_head":"<!-- This site is optimized with the Yoast SEO plugin v18.9 - https:\/\/yoast.com\/wordpress\/plugins\/seo\/ -->\n<title>Datenschutz-Bestimmungen - Compacto Elegante - Sch\u00f6nheitssalon<\/title>\n<meta name=\"description\" content=\"Bei Compacto Elegante respektieren wir Ihre Privatsph\u00e4re. Bitte lesen Sie unsere Datenschutzerkl\u00e4rung, bevor Sie unsere Website nutzen.\" \/>\n<meta name=\"robots\" content=\"index, follow, max-snippet:-1, max-image-preview:large, max-video-preview:-1\" \/>\n<link rel=\"canonical\" href=\"https:\/\/compactoelegante.com\/de\/datenschutz-bestimmungen\/\" \/>\n<meta property=\"og:locale\" content=\"de_DE\" \/>\n<meta property=\"og:type\" content=\"article\" \/>\n<meta property=\"og:title\" content=\"Datenschutz-Bestimmungen - Compacto Elegante - Sch\u00f6nheitssalon\" \/>\n<meta property=\"og:description\" content=\"Bei Compacto Elegante respektieren wir Ihre Privatsph\u00e4re. Bitte lesen Sie unsere Datenschutzerkl\u00e4rung, bevor Sie unsere Website nutzen.\" \/>\n<meta property=\"og:url\" content=\"https:\/\/compactoelegante.com\/de\/datenschutz-bestimmungen\/\" \/>\n<meta property=\"og:site_name\" content=\"Compacto Elegante\" \/>\n<meta property=\"article:modified_time\" content=\"2022-12-28T12:12:16+00:00\" \/>\n<meta name=\"twitter:card\" content=\"summary_large_image\" \/>\n<meta name=\"twitter:label1\" content=\"Gesch\u00e4tzte Lesezeit\" \/>\n\t<meta name=\"twitter:data1\" content=\"11 Minuten\" \/>\n<script type=\"application\/ld+json\" class=\"yoast-schema-graph\">{\"@context\":\"https:\/\/schema.org\",\"@graph\":[{\"@type\":\"WebSite\",\"@id\":\"https:\/\/compactoelegante.com\/en\/#website\",\"url\":\"https:\/\/compactoelegante.com\/en\/\",\"name\":\"Compacto Elegante\",\"description\":\"\",\"potentialAction\":[{\"@type\":\"SearchAction\",\"target\":{\"@type\":\"EntryPoint\",\"urlTemplate\":\"https:\/\/compactoelegante.com\/en\/?s={search_term_string}\"},\"query-input\":\"required name=search_term_string\"}],\"inLanguage\":\"de-DE\"},{\"@type\":\"WebPage\",\"@id\":\"https:\/\/compactoelegante.com\/de\/datenschutz-bestimmungen\/#webpage\",\"url\":\"https:\/\/compactoelegante.com\/de\/datenschutz-bestimmungen\/\",\"name\":\"Datenschutz-Bestimmungen - Compacto Elegante - Sch\u00f6nheitssalon\",\"isPartOf\":{\"@id\":\"https:\/\/compactoelegante.com\/en\/#website\"},\"datePublished\":\"2022-05-24T11:08:01+00:00\",\"dateModified\":\"2022-12-28T12:12:16+00:00\",\"description\":\"Bei Compacto Elegante respektieren wir Ihre Privatsph\u00e4re. Bitte lesen Sie unsere Datenschutzerkl\u00e4rung, bevor Sie unsere Website nutzen.\",\"breadcrumb\":{\"@id\":\"https:\/\/compactoelegante.com\/de\/datenschutz-bestimmungen\/#breadcrumb\"},\"inLanguage\":\"de-DE\",\"potentialAction\":[{\"@type\":\"ReadAction\",\"target\":[\"https:\/\/compactoelegante.com\/de\/datenschutz-bestimmungen\/\"]}]},{\"@type\":\"BreadcrumbList\",\"@id\":\"https:\/\/compactoelegante.com\/de\/datenschutz-bestimmungen\/#breadcrumb\",\"itemListElement\":[{\"@type\":\"ListItem\",\"position\":1,\"name\":\"In\u00edcio\",\"item\":\"http:\/\/compactoelegante.com\/de\/\"},{\"@type\":\"ListItem\",\"position\":2,\"name\":\"Datenschutz-Bestimmungen\"}]}]}<\/script>\n<!-- \/ Yoast SEO plugin. -->","yoast_head_json":{"title":"Datenschutz-Bestimmungen - Compacto Elegante - Sch\u00f6nheitssalon","description":"Bei Compacto Elegante respektieren wir Ihre Privatsph\u00e4re. Bitte lesen Sie unsere Datenschutzerkl\u00e4rung, bevor Sie unsere Website nutzen.","robots":{"index":"index","follow":"follow","max-snippet":"max-snippet:-1","max-image-preview":"max-image-preview:large","max-video-preview":"max-video-preview:-1"},"canonical":"https:\/\/compactoelegante.com\/de\/datenschutz-bestimmungen\/","og_locale":"de_DE","og_type":"article","og_title":"Datenschutz-Bestimmungen - Compacto Elegante - Sch\u00f6nheitssalon","og_description":"Bei Compacto Elegante respektieren wir Ihre Privatsph\u00e4re. Bitte lesen Sie unsere Datenschutzerkl\u00e4rung, bevor Sie unsere Website nutzen.","og_url":"https:\/\/compactoelegante.com\/de\/datenschutz-bestimmungen\/","og_site_name":"Compacto Elegante","article_modified_time":"2022-12-28T12:12:16+00:00","twitter_card":"summary_large_image","twitter_misc":{"Gesch\u00e4tzte Lesezeit":"11 Minuten"},"schema":{"@context":"https:\/\/schema.org","@graph":[{"@type":"WebSite","@id":"https:\/\/compactoelegante.com\/en\/#website","url":"https:\/\/compactoelegante.com\/en\/","name":"Compacto Elegante","description":"","potentialAction":[{"@type":"SearchAction","target":{"@type":"EntryPoint","urlTemplate":"https:\/\/compactoelegante.com\/en\/?s={search_term_string}"},"query-input":"required name=search_term_string"}],"inLanguage":"de-DE"},{"@type":"WebPage","@id":"https:\/\/compactoelegante.com\/de\/datenschutz-bestimmungen\/#webpage","url":"https:\/\/compactoelegante.com\/de\/datenschutz-bestimmungen\/","name":"Datenschutz-Bestimmungen - Compacto Elegante - Sch\u00f6nheitssalon","isPartOf":{"@id":"https:\/\/compactoelegante.com\/en\/#website"},"datePublished":"2022-05-24T11:08:01+00:00","dateModified":"2022-12-28T12:12:16+00:00","description":"Bei Compacto Elegante respektieren wir Ihre Privatsph\u00e4re. Bitte lesen Sie unsere Datenschutzerkl\u00e4rung, bevor Sie unsere Website nutzen.","breadcrumb":{"@id":"https:\/\/compactoelegante.com\/de\/datenschutz-bestimmungen\/#breadcrumb"},"inLanguage":"de-DE","potentialAction":[{"@type":"ReadAction","target":["https:\/\/compactoelegante.com\/de\/datenschutz-bestimmungen\/"]}]},{"@type":"BreadcrumbList","@id":"https:\/\/compactoelegante.com\/de\/datenschutz-bestimmungen\/#breadcrumb","itemListElement":[{"@type":"ListItem","position":1,"name":"In\u00edcio","item":"http:\/\/compactoelegante.com\/de\/"},{"@type":"ListItem","position":2,"name":"Datenschutz-Bestimmungen"}]}]}},"_links":{"self":[{"href":"https:\/\/compactoelegante.com\/de\/wp-json\/wp\/v2\/pages\/3159"}],"collection":[{"href":"https:\/\/compactoelegante.com\/de\/wp-json\/wp\/v2\/pages"}],"about":[{"href":"https:\/\/compactoelegante.com\/de\/wp-json\/wp\/v2\/types\/page"}],"author":[{"embeddable":true,"href":"https:\/\/compactoelegante.com\/de\/wp-json\/wp\/v2\/users\/1"}],"replies":[{"embeddable":true,"href":"https:\/\/compactoelegante.com\/de\/wp-json\/wp\/v2\/comments?post=3159"}],"version-history":[{"count":2,"href":"https:\/\/compactoelegante.com\/de\/wp-json\/wp\/v2\/pages\/3159\/revisions"}],"predecessor-version":[{"id":3963,"href":"https:\/\/compactoelegante.com\/de\/wp-json\/wp\/v2\/pages\/3159\/revisions\/3963"}],"wp:attachment":[{"href":"https:\/\/compactoelegante.com\/de\/wp-json\/wp\/v2\/media?parent=3159"}],"curies":[{"name":"wp","href":"https:\/\/api.w.org\/{rel}","templated":true}]}}